{"id":6571,"date":"2025-11-05T11:50:10","date_gmt":"2025-11-05T14:50:10","guid":{"rendered":"https:\/\/www.simplesdental.com\/blog\/all_helpie_faq_page\/"},"modified":"2025-11-05T11:50:10","modified_gmt":"2025-11-05T14:50:10","slug":"all_helpie_faq_page","status":"publish","type":"page","link":"https:\/\/www.simplesdental.com\/blog\/all_helpie_faq_page\/","title":{"rendered":"All FAQs (Helpie FAQ)"},"content":{"rendered":"<p>Sample of All FAQs (Helpie FAQ)<\/p>\n<section id='' \n                class='helpie-faq accordions faq-toggle open-first' \n                data-collection='' \n                data-pagination='0' \n                data-search='0' \n                data-pagination-enabled='0'\n                role='region'\n                aria-label='FAQ Section'\n                aria-live='polite'><h3 class=\"collection-title\">Helpie FAQ<\/h3><form class=\"search\" onSubmit=\"return false;\"><div class=\"search__wrapper\"><input type=\"text\" class=\"search__input\" aria-label=\"Search\" placeholder=\"Search FAQ\"><span class=\"search__icon\"><svg class=\"svg-icon--search\" role=\"img\" xmlns=\"http:\/\/www.w3.org\/2000\/svg\" viewBox=\"0 0 22 22\">\r\n                        <g fill=\"none\" stroke=\"#171717\">\r\n                            <path stroke-linecap=\"square\" stroke-width=\"2\" d=\"M18.5 18.3l-5.4-5.4\"\/>\r\n                            <circle cx=\"8\" cy=\"8\" r=\"7\" stroke-width=\"2\"\/>\r\n                        <\/g>\r\n                    <\/svg><\/span><\/div><div class=\"search__message\"><\/div><\/form><article class=\"accordion \"><div class='helpie-faq-row'><div class='helpie-faq-col helpie-faq-col-12' ><ul><li class=\"accordion__item \"><div class=\"accordion__header \" \r\n                id=\"accordion-header-post-6570\"\r\n                role=\"button\"\r\n                aria-expanded=\"false\"\r\n                aria-controls=\"accordion-content-post-6570\"\r\n                data-id=\"post-6570\" \r\n                data-item=\"hfaq-post-6570\" \r\n                style=\"background:transparent;\" \r\n                data-tags=\"\"\r\n                tabindex=\"0\"><div class=\"accordion__title\">Simple FAQ - 2<\/div><\/div><div id=\"accordion-content-post-6570\" \r\n                class=\"accordion__body\" \r\n                role=\"region\"\r\n                aria-labelledby=\"accordion-header-post-6570\"\r\n                style=\"background:transparent;\"><p>Simple FAQ Content &#8211; 2<\/p>\n<\/div><\/li><li class=\"accordion__item \"><div class=\"accordion__header \" \r\n                id=\"accordion-header-post-6569\"\r\n                role=\"button\"\r\n                aria-expanded=\"false\"\r\n                aria-controls=\"accordion-content-post-6569\"\r\n                data-id=\"post-6569\" \r\n                data-item=\"hfaq-post-6569\" \r\n                style=\"background:transparent;\" \r\n                data-tags=\"\"\r\n                tabindex=\"0\"><div class=\"accordion__title\">Simple FAQ<\/div><\/div><div id=\"accordion-content-post-6569\" \r\n                class=\"accordion__body\" \r\n                role=\"region\"\r\n                aria-labelledby=\"accordion-header-post-6569\"\r\n                style=\"background:transparent;\"><p>Simple FAQ Content<\/p>\n<\/div><\/li><li class=\"accordion__item \"><div class=\"accordion__header \" \r\n                id=\"accordion-header-post-6567\"\r\n                role=\"button\"\r\n                aria-expanded=\"false\"\r\n                aria-controls=\"accordion-content-post-6567\"\r\n                data-id=\"post-6567\" \r\n                data-item=\"hfaq-post-6567\" \r\n                style=\"background:transparent;\" \r\n                data-tags=\"\"\r\n                tabindex=\"0\"><div class=\"accordion__title\">Your First FAQ Question<\/div><\/div><div id=\"accordion-content-post-6567\" \r\n                class=\"accordion__body\" \r\n                role=\"region\"\r\n                aria-labelledby=\"accordion-header-post-6567\"\r\n                style=\"background:transparent;\"><p>Your relevent FAQ answer.<\/p>\n<\/div><\/li><\/ul><\/div><\/div><\/article><\/section>\n","protected":false},"excerpt":{"rendered":"<p>Sample of All FAQs (Helpie FAQ)<\/p>\n","protected":false},"author":1,"featured_media":0,"parent":0,"menu_order":0,"comment_status":"closed","ping_status":"closed","template":"","meta":{"content-type":"","footnotes":""},"class_list":["post-6571","page","type-page","status-publish","hentry"],"yoast_head":"<!-- This site is optimized with the Yoast SEO plugin v27.4 - https:\/\/yoast.com\/product\/yoast-seo-wordpress\/ -->\n<title>All FAQs (Helpie FAQ) | Simples Dental<\/title>\n<meta name=\"robots\" content=\"index, follow, max-snippet:-1, max-image-preview:large, max-video-preview:-1\" \/>\n<link rel=\"canonical\" href=\"https:\/\/www.simplesdental.com\/blog\/all_helpie_faq_page\/\" \/>\n<meta property=\"og:locale\" content=\"pt_BR\" \/>\n<meta property=\"og:type\" content=\"article\" \/>\n<meta property=\"og:title\" content=\"All FAQs (Helpie FAQ) | Simples Dental\" \/>\n<meta property=\"og:description\" content=\"Sample of All FAQs (Helpie FAQ)\" \/>\n<meta property=\"og:url\" content=\"https:\/\/www.simplesdental.com\/blog\/all_helpie_faq_page\/\" \/>\n<meta property=\"og:site_name\" content=\"Simples Dental\" \/>\n<meta property=\"article:publisher\" content=\"https:\/\/www.facebook.com\/simplesdental\/\" \/>\n<meta property=\"og:image\" content=\"https:\/\/www.simplesdental.com\/wp-content\/uploads\/2023\/04\/BOX_AGENDA.png\" \/>\n\t<meta property=\"og:image:width\" content=\"5474\" \/>\n\t<meta property=\"og:image:height\" content=\"3533\" \/>\n\t<meta property=\"og:image:type\" content=\"image\/png\" \/>\n<meta name=\"twitter:card\" content=\"summary_large_image\" \/>\n<script type=\"application\/ld+json\" class=\"yoast-schema-graph\">{\"@context\":\"https:\\\/\\\/schema.org\",\"@graph\":[{\"@type\":\"WebPage\",\"@id\":\"https:\\\/\\\/www.simplesdental.com\\\/blog\\\/all_helpie_faq_page\\\/\",\"url\":\"https:\\\/\\\/www.simplesdental.com\\\/blog\\\/all_helpie_faq_page\\\/\",\"name\":\"All FAQs (Helpie FAQ) | Simples Dental\",\"isPartOf\":{\"@id\":\"https:\\\/\\\/www.simplesdental.com\\\/blog\\\/#website\"},\"datePublished\":\"2025-11-05T14:50:10+00:00\",\"breadcrumb\":{\"@id\":\"https:\\\/\\\/www.simplesdental.com\\\/blog\\\/all_helpie_faq_page\\\/#breadcrumb\"},\"inLanguage\":\"pt-BR\",\"potentialAction\":[{\"@type\":\"ReadAction\",\"target\":[\"https:\\\/\\\/www.simplesdental.com\\\/blog\\\/all_helpie_faq_page\\\/\"]}]},{\"@type\":\"BreadcrumbList\",\"@id\":\"https:\\\/\\\/www.simplesdental.com\\\/blog\\\/all_helpie_faq_page\\\/#breadcrumb\",\"itemListElement\":[{\"@type\":\"ListItem\",\"position\":1,\"name\":\"Home\",\"item\":\"https:\\\/\\\/www.simplesdental.com\\\/blog\\\/\"},{\"@type\":\"ListItem\",\"position\":2,\"name\":\"All FAQs (Helpie FAQ)\"}]},{\"@type\":\"WebSite\",\"@id\":\"https:\\\/\\\/www.simplesdental.com\\\/blog\\\/#website\",\"url\":\"https:\\\/\\\/www.simplesdental.com\\\/blog\\\/\",\"name\":\"Simples Dental\",\"description\":\"O melhor software odontol\u00f3gico da Am\u00e9rica Latina\",\"publisher\":{\"@id\":\"https:\\\/\\\/www.simplesdental.com\\\/blog\\\/#organization\"},\"alternateName\":\"Simples Dental - O Maior Software de gest\u00e3o odontol\u00f3gico da Am\u00e9rica Latina\",\"potentialAction\":[{\"@type\":\"SearchAction\",\"target\":{\"@type\":\"EntryPoint\",\"urlTemplate\":\"https:\\\/\\\/www.simplesdental.com\\\/blog\\\/?s={search_term_string}\"},\"query-input\":{\"@type\":\"PropertyValueSpecification\",\"valueRequired\":true,\"valueName\":\"search_term_string\"}}],\"inLanguage\":\"pt-BR\"},{\"@type\":\"Organization\",\"@id\":\"https:\\\/\\\/www.simplesdental.com\\\/blog\\\/#organization\",\"name\":\"Simpes Dental\",\"alternateName\":\"Simples Dental - O Maior Software de gest\u00e3o odontol\u00f3gico da Am\u00e9rica Latina\",\"url\":\"https:\\\/\\\/www.simplesdental.com\\\/blog\\\/\",\"logo\":{\"@type\":\"ImageObject\",\"inLanguage\":\"pt-BR\",\"@id\":\"https:\\\/\\\/www.simplesdental.com\\\/blog\\\/#\\\/schema\\\/logo\\\/image\\\/\",\"url\":\"https:\\\/\\\/www.simplesdental.com\\\/wp-content\\\/uploads\\\/2018\\\/02\\\/simplesdental-logo.png\",\"contentUrl\":\"https:\\\/\\\/www.simplesdental.com\\\/wp-content\\\/uploads\\\/2018\\\/02\\\/simplesdental-logo.png\",\"width\":928,\"height\":184,\"caption\":\"Simpes Dental\"},\"image\":{\"@id\":\"https:\\\/\\\/www.simplesdental.com\\\/blog\\\/#\\\/schema\\\/logo\\\/image\\\/\"},\"sameAs\":[\"https:\\\/\\\/www.facebook.com\\\/simplesdental\\\/\",\"https:\\\/\\\/www.instagram.com\\\/simplesdental\\\/\",\"https:\\\/\\\/www.linkedin.com\\\/company\\\/simples-dental\",\"https:\\\/\\\/www.youtube.com\\\/channel\\\/UCyI9WDzbJj8g8rSlBFY5qCg\"]}]}<\/script>\n<!-- \/ Yoast SEO plugin. -->","yoast_head_json":{"title":"All FAQs (Helpie FAQ) | Simples Dental","robots":{"index":"index","follow":"follow","max-snippet":"max-snippet:-1","max-image-preview":"max-image-preview:large","max-video-preview":"max-video-preview:-1"},"canonical":"https:\/\/www.simplesdental.com\/blog\/all_helpie_faq_page\/","og_locale":"pt_BR","og_type":"article","og_title":"All FAQs (Helpie FAQ) | Simples Dental","og_description":"Sample of All FAQs (Helpie FAQ)","og_url":"https:\/\/www.simplesdental.com\/blog\/all_helpie_faq_page\/","og_site_name":"Simples Dental","article_publisher":"https:\/\/www.facebook.com\/simplesdental\/","og_image":[{"width":5474,"height":3533,"url":"https:\/\/www.simplesdental.com\/wp-content\/uploads\/2023\/04\/BOX_AGENDA.png","type":"image\/png"}],"twitter_card":"summary_large_image","schema":{"@context":"https:\/\/schema.org","@graph":[{"@type":"WebPage","@id":"https:\/\/www.simplesdental.com\/blog\/all_helpie_faq_page\/","url":"https:\/\/www.simplesdental.com\/blog\/all_helpie_faq_page\/","name":"All FAQs (Helpie FAQ) | Simples Dental","isPartOf":{"@id":"https:\/\/www.simplesdental.com\/blog\/#website"},"datePublished":"2025-11-05T14:50:10+00:00","breadcrumb":{"@id":"https:\/\/www.simplesdental.com\/blog\/all_helpie_faq_page\/#breadcrumb"},"inLanguage":"pt-BR","potentialAction":[{"@type":"ReadAction","target":["https:\/\/www.simplesdental.com\/blog\/all_helpie_faq_page\/"]}]},{"@type":"BreadcrumbList","@id":"https:\/\/www.simplesdental.com\/blog\/all_helpie_faq_page\/#breadcrumb","itemListElement":[{"@type":"ListItem","position":1,"name":"Home","item":"https:\/\/www.simplesdental.com\/blog\/"},{"@type":"ListItem","position":2,"name":"All FAQs (Helpie FAQ)"}]},{"@type":"WebSite","@id":"https:\/\/www.simplesdental.com\/blog\/#website","url":"https:\/\/www.simplesdental.com\/blog\/","name":"Simples Dental","description":"O melhor software odontol\u00f3gico da Am\u00e9rica Latina","publisher":{"@id":"https:\/\/www.simplesdental.com\/blog\/#organization"},"alternateName":"Simples Dental - O Maior Software de gest\u00e3o odontol\u00f3gico da Am\u00e9rica Latina","potentialAction":[{"@type":"SearchAction","target":{"@type":"EntryPoint","urlTemplate":"https:\/\/www.simplesdental.com\/blog\/?s={search_term_string}"},"query-input":{"@type":"PropertyValueSpecification","valueRequired":true,"valueName":"search_term_string"}}],"inLanguage":"pt-BR"},{"@type":"Organization","@id":"https:\/\/www.simplesdental.com\/blog\/#organization","name":"Simpes Dental","alternateName":"Simples Dental - O Maior Software de gest\u00e3o odontol\u00f3gico da Am\u00e9rica Latina","url":"https:\/\/www.simplesdental.com\/blog\/","logo":{"@type":"ImageObject","inLanguage":"pt-BR","@id":"https:\/\/www.simplesdental.com\/blog\/#\/schema\/logo\/image\/","url":"https:\/\/www.simplesdental.com\/wp-content\/uploads\/2018\/02\/simplesdental-logo.png","contentUrl":"https:\/\/www.simplesdental.com\/wp-content\/uploads\/2018\/02\/simplesdental-logo.png","width":928,"height":184,"caption":"Simpes Dental"},"image":{"@id":"https:\/\/www.simplesdental.com\/blog\/#\/schema\/logo\/image\/"},"sameAs":["https:\/\/www.facebook.com\/simplesdental\/","https:\/\/www.instagram.com\/simplesdental\/","https:\/\/www.linkedin.com\/company\/simples-dental","https:\/\/www.youtube.com\/channel\/UCyI9WDzbJj8g8rSlBFY5qCg"]}]}},"_links":{"self":[{"href":"https:\/\/www.simplesdental.com\/blog\/wp-json\/wp\/v2\/pages\/6571","targetHints":{"allow":["GET"]}}],"collection":[{"href":"https:\/\/www.simplesdental.com\/blog\/wp-json\/wp\/v2\/pages"}],"about":[{"href":"https:\/\/www.simplesdental.com\/blog\/wp-json\/wp\/v2\/types\/page"}],"author":[{"embeddable":true,"href":"https:\/\/www.simplesdental.com\/blog\/wp-json\/wp\/v2\/users\/1"}],"replies":[{"embeddable":true,"href":"https:\/\/www.simplesdental.com\/blog\/wp-json\/wp\/v2\/comments?post=6571"}],"version-history":[{"count":0,"href":"https:\/\/www.simplesdental.com\/blog\/wp-json\/wp\/v2\/pages\/6571\/revisions"}],"wp:attachment":[{"href":"https:\/\/www.simplesdental.com\/blog\/wp-json\/wp\/v2\/media?parent=6571"}],"curies":[{"name":"wp","href":"https:\/\/api.w.org\/{rel}","templated":true}]}}